{"id":16,"date":"2018-05-13T14:12:27","date_gmt":"2018-05-13T12:12:27","guid":{"rendered":"http:\/\/sm.odolanow.pl\/bip\/?page_id=16"},"modified":"2020-07-07T12:05:37","modified_gmt":"2020-07-07T10:05:37","slug":"cele-i-zadania-placowki","status":"publish","type":"page","link":"http:\/\/sm.odolanow.pl\/bip\/cele-i-zadania-placowki\/","title":{"rendered":"Cele i zadania plac\u00f3wki"},"content":{"rendered":"<p>Pa\u0144stwowa Szko\u0142a Muzyczna I stopnia\u00a0 w Odolanowie jest szko\u0142\u0105 publiczn\u0105. Organem prowadz\u0105cym szko\u0142\u0119 jest Gminy i Miasto Odolan\u00f3w a nadz\u00f3r pedagogiczny nad szko\u0142\u0105 sprawuje Minister Kultury i Dziedzictwa Narodowego za pomoc\u0105 Centrum Edukacji\u00a0 Artystycznej. Szko\u0142a prowadzi kszta\u0142cenie artystyczne w zakresie gry na wybranym instrumencie oraz przedmiotach og\u00f3lnomuzycznych. Uczniowie kszta\u0142c\u0105 si\u0119 pod kierunkiem wykwalifikowanej kadry pedagogicznej w nast\u0119puj\u0105cych specjalno\u015bciach \/instrumentach\/ &#8211; tr\u0105bka, saksofon, skrzypce, perkusja, gitara, fortepian. Kszta\u0142cenie jest nieodp\u0142atne i odbywa si\u0119 w dw\u00f3ch cyklach \u2013 6 letnim dla dzieci w wieku &#8211; 7-10 lat oraz czteroletnim w wieku 10-16 lat.<\/p>\n<p>.<\/p>\n","protected":false},"excerpt":{"rendered":"<p>Pa\u0144stwowa Szko\u0142a Muzyczna I stopnia\u00a0 w Odolanowie jest szko\u0142\u0105 publiczn\u0105. Organem prowadz\u0105cym szko\u0142\u0119 jest Gminy i Miasto Odolan\u00f3w a nadz\u00f3r pedagogiczny nad szko\u0142\u0105 sprawuje Minister Kultury i Dziedzictwa Narodowego za pomoc\u0105 Centrum Edukacji\u00a0 Artystycznej. Szko\u0142a prowadzi kszta\u0142cenie artystyczne w zakresie gry na wybranym instrumencie oraz przedmiotach og\u00f3lnomuzycznych. Uczniowie kszta\u0142c\u0105 si\u0119 pod kierunkiem wykwalifikowanej kadry pedagogicznej [&hellip;]<\/p>\n","protected":false},"author":1,"featured_media":0,"parent":0,"menu_order":0,"comment_status":"closed","ping_status":"closed","template":"","meta":{"footnotes":""},"class_list":["post-16","page","type-page","status-publish","hentry"],"yoast_head":"<!-- This site is optimized with the Yoast SEO plugin v27.5 - https:\/\/yoast.com\/product\/yoast-seo-wordpress\/ -->\n<title>Cele i zadania plac\u00f3wki - BIP Pa\u0144stwowej Szko\u0142y Muzycznej w Odolanowie<\/title>\n<meta name=\"robots\" content=\"index, follow, max-snippet:-1, max-image-preview:large, max-video-preview:-1\" \/>\n<link rel=\"canonical\" href=\"http:\/\/sm.odolanow.pl\/bip\/cele-i-zadania-placowki\/\" \/>\n<meta property=\"og:locale\" content=\"pl_PL\" \/>\n<meta property=\"og:type\" content=\"article\" \/>\n<meta property=\"og:title\" content=\"Cele i zadania plac\u00f3wki - BIP Pa\u0144stwowej Szko\u0142y Muzycznej w Odolanowie\" \/>\n<meta property=\"og:description\" content=\"Pa\u0144stwowa Szko\u0142a Muzyczna I stopnia\u00a0 w Odolanowie jest szko\u0142\u0105 publiczn\u0105. Organem prowadz\u0105cym szko\u0142\u0119 jest Gminy i Miasto Odolan\u00f3w a nadz\u00f3r pedagogiczny nad szko\u0142\u0105 sprawuje Minister Kultury i Dziedzictwa Narodowego za pomoc\u0105 Centrum Edukacji\u00a0 Artystycznej. Szko\u0142a prowadzi kszta\u0142cenie artystyczne w zakresie gry na wybranym instrumencie oraz przedmiotach og\u00f3lnomuzycznych. Uczniowie kszta\u0142c\u0105 si\u0119 pod kierunkiem wykwalifikowanej kadry pedagogicznej [&hellip;]\" \/>\n<meta property=\"og:url\" content=\"http:\/\/sm.odolanow.pl\/bip\/cele-i-zadania-placowki\/\" \/>\n<meta property=\"og:site_name\" content=\"BIP Pa\u0144stwowej Szko\u0142y Muzycznej w Odolanowie\" \/>\n<meta property=\"article:modified_time\" content=\"2020-07-07T10:05:37+00:00\" \/>\n<meta name=\"twitter:card\" content=\"summary_large_image\" \/>\n<meta name=\"twitter:label1\" content=\"Szacowany czas czytania\" \/>\n\t<meta name=\"twitter:data1\" content=\"1 minuta\" \/>\n<script type=\"application\/ld+json\" class=\"yoast-schema-graph\">{\"@context\":\"https:\\\/\\\/schema.org\",\"@graph\":[{\"@type\":\"WebPage\",\"@id\":\"http:\\\/\\\/sm.odolanow.pl\\\/bip\\\/cele-i-zadania-placowki\\\/\",\"url\":\"http:\\\/\\\/sm.odolanow.pl\\\/bip\\\/cele-i-zadania-placowki\\\/\",\"name\":\"Cele i zadania plac\u00f3wki - BIP Pa\u0144stwowej Szko\u0142y Muzycznej w Odolanowie\",\"isPartOf\":{\"@id\":\"https:\\\/\\\/sm.odolanow.pl\\\/bip\\\/#website\"},\"datePublished\":\"2018-05-13T12:12:27+00:00\",\"dateModified\":\"2020-07-07T10:05:37+00:00\",\"breadcrumb\":{\"@id\":\"http:\\\/\\\/sm.odolanow.pl\\\/bip\\\/cele-i-zadania-placowki\\\/#breadcrumb\"},\"inLanguage\":\"pl-PL\",\"potentialAction\":[{\"@type\":\"ReadAction\",\"target\":[\"http:\\\/\\\/sm.odolanow.pl\\\/bip\\\/cele-i-zadania-placowki\\\/\"]}]},{\"@type\":\"BreadcrumbList\",\"@id\":\"http:\\\/\\\/sm.odolanow.pl\\\/bip\\\/cele-i-zadania-placowki\\\/#breadcrumb\",\"itemListElement\":[{\"@type\":\"ListItem\",\"position\":1,\"name\":\"Strona g\u0142\u00f3wna\",\"item\":\"https:\\\/\\\/sm.odolanow.pl\\\/bip\\\/\"},{\"@type\":\"ListItem\",\"position\":2,\"name\":\"Cele i zadania plac\u00f3wki\"}]},{\"@type\":\"WebSite\",\"@id\":\"https:\\\/\\\/sm.odolanow.pl\\\/bip\\\/#website\",\"url\":\"https:\\\/\\\/sm.odolanow.pl\\\/bip\\\/\",\"name\":\"BIP Pa\u0144stwowej Szko\u0142y Muzycznej w Odolanowie\",\"description\":\"\",\"potentialAction\":[{\"@type\":\"SearchAction\",\"target\":{\"@type\":\"EntryPoint\",\"urlTemplate\":\"https:\\\/\\\/sm.odolanow.pl\\\/bip\\\/?s={search_term_string}\"},\"query-input\":{\"@type\":\"PropertyValueSpecification\",\"valueRequired\":true,\"valueName\":\"search_term_string\"}}],\"inLanguage\":\"pl-PL\"}]}<\/script>\n<!-- \/ Yoast SEO plugin. -->","yoast_head_json":{"title":"Cele i zadania plac\u00f3wki - BIP Pa\u0144stwowej Szko\u0142y Muzycznej w Odolanowie","robots":{"index":"index","follow":"follow","max-snippet":"max-snippet:-1","max-image-preview":"max-image-preview:large","max-video-preview":"max-video-preview:-1"},"canonical":"http:\/\/sm.odolanow.pl\/bip\/cele-i-zadania-placowki\/","og_locale":"pl_PL","og_type":"article","og_title":"Cele i zadania plac\u00f3wki - BIP Pa\u0144stwowej Szko\u0142y Muzycznej w Odolanowie","og_description":"Pa\u0144stwowa Szko\u0142a Muzyczna I stopnia\u00a0 w Odolanowie jest szko\u0142\u0105 publiczn\u0105. Organem prowadz\u0105cym szko\u0142\u0119 jest Gminy i Miasto Odolan\u00f3w a nadz\u00f3r pedagogiczny nad szko\u0142\u0105 sprawuje Minister Kultury i Dziedzictwa Narodowego za pomoc\u0105 Centrum Edukacji\u00a0 Artystycznej. Szko\u0142a prowadzi kszta\u0142cenie artystyczne w zakresie gry na wybranym instrumencie oraz przedmiotach og\u00f3lnomuzycznych. Uczniowie kszta\u0142c\u0105 si\u0119 pod kierunkiem wykwalifikowanej kadry pedagogicznej [&hellip;]","og_url":"http:\/\/sm.odolanow.pl\/bip\/cele-i-zadania-placowki\/","og_site_name":"BIP Pa\u0144stwowej Szko\u0142y Muzycznej w Odolanowie","article_modified_time":"2020-07-07T10:05:37+00:00","twitter_card":"summary_large_image","twitter_misc":{"Szacowany czas czytania":"1 minuta"},"schema":{"@context":"https:\/\/schema.org","@graph":[{"@type":"WebPage","@id":"http:\/\/sm.odolanow.pl\/bip\/cele-i-zadania-placowki\/","url":"http:\/\/sm.odolanow.pl\/bip\/cele-i-zadania-placowki\/","name":"Cele i zadania plac\u00f3wki - BIP Pa\u0144stwowej Szko\u0142y Muzycznej w Odolanowie","isPartOf":{"@id":"https:\/\/sm.odolanow.pl\/bip\/#website"},"datePublished":"2018-05-13T12:12:27+00:00","dateModified":"2020-07-07T10:05:37+00:00","breadcrumb":{"@id":"http:\/\/sm.odolanow.pl\/bip\/cele-i-zadania-placowki\/#breadcrumb"},"inLanguage":"pl-PL","potentialAction":[{"@type":"ReadAction","target":["http:\/\/sm.odolanow.pl\/bip\/cele-i-zadania-placowki\/"]}]},{"@type":"BreadcrumbList","@id":"http:\/\/sm.odolanow.pl\/bip\/cele-i-zadania-placowki\/#breadcrumb","itemListElement":[{"@type":"ListItem","position":1,"name":"Strona g\u0142\u00f3wna","item":"https:\/\/sm.odolanow.pl\/bip\/"},{"@type":"ListItem","position":2,"name":"Cele i zadania plac\u00f3wki"}]},{"@type":"WebSite","@id":"https:\/\/sm.odolanow.pl\/bip\/#website","url":"https:\/\/sm.odolanow.pl\/bip\/","name":"BIP Pa\u0144stwowej Szko\u0142y Muzycznej w Odolanowie","description":"","potentialAction":[{"@type":"SearchAction","target":{"@type":"EntryPoint","urlTemplate":"https:\/\/sm.odolanow.pl\/bip\/?s={search_term_string}"},"query-input":{"@type":"PropertyValueSpecification","valueRequired":true,"valueName":"search_term_string"}}],"inLanguage":"pl-PL"}]}},"_links":{"self":[{"href":"http:\/\/sm.odolanow.pl\/bip\/wp-json\/wp\/v2\/pages\/16","targetHints":{"allow":["GET"]}}],"collection":[{"href":"http:\/\/sm.odolanow.pl\/bip\/wp-json\/wp\/v2\/pages"}],"about":[{"href":"http:\/\/sm.odolanow.pl\/bip\/wp-json\/wp\/v2\/types\/page"}],"author":[{"embeddable":true,"href":"http:\/\/sm.odolanow.pl\/bip\/wp-json\/wp\/v2\/users\/1"}],"replies":[{"embeddable":true,"href":"http:\/\/sm.odolanow.pl\/bip\/wp-json\/wp\/v2\/comments?post=16"}],"version-history":[{"count":4,"href":"http:\/\/sm.odolanow.pl\/bip\/wp-json\/wp\/v2\/pages\/16\/revisions"}],"predecessor-version":[{"id":187,"href":"http:\/\/sm.odolanow.pl\/bip\/wp-json\/wp\/v2\/pages\/16\/revisions\/187"}],"wp:attachment":[{"href":"http:\/\/sm.odolanow.pl\/bip\/wp-json\/wp\/v2\/media?parent=16"}],"curies":[{"name":"wp","href":"https:\/\/api.w.org\/{rel}","templated":true}]}}