{"id":18,"date":"2018-05-13T14:12:36","date_gmt":"2018-05-13T12:12:36","guid":{"rendered":"http:\/\/sm.odolanow.pl\/bip\/?page_id=18"},"modified":"2018-11-14T15:34:47","modified_gmt":"2018-11-14T14:34:47","slug":"instrukacja-obslugi-bip","status":"publish","type":"page","link":"https:\/\/sm.odolanow.pl\/bip\/instrukacja-obslugi-bip\/","title":{"rendered":"Instrukacja obs\u0142ugi BIP"},"content":{"rendered":"<p>Tre\u015b\u0107 w przygotowaniu.<\/p>\n","protected":false},"excerpt":{"rendered":"<p>Tre\u015b\u0107 w przygotowaniu.<\/p>\n","protected":false},"author":1,"featured_media":0,"parent":0,"menu_order":0,"comment_status":"closed","ping_status":"closed","template":"","meta":{"footnotes":""},"class_list":["post-18","page","type-page","status-publish","hentry"],"yoast_head":"<!-- This site is optimized with the Yoast SEO plugin v27.4 - https:\/\/yoast.com\/product\/yoast-seo-wordpress\/ -->\n<title>Instrukacja obs\u0142ugi BIP - BIP Pa\u0144stwowej Szko\u0142y Muzycznej w Odolanowie<\/title>\n<meta name=\"robots\" content=\"index, follow, max-snippet:-1, max-image-preview:large, max-video-preview:-1\" \/>\n<link rel=\"canonical\" href=\"https:\/\/sm.odolanow.pl\/bip\/instrukacja-obslugi-bip\/\" \/>\n<meta property=\"og:locale\" content=\"pl_PL\" \/>\n<meta property=\"og:type\" content=\"article\" \/>\n<meta property=\"og:title\" content=\"Instrukacja obs\u0142ugi BIP - BIP Pa\u0144stwowej Szko\u0142y Muzycznej w Odolanowie\" \/>\n<meta property=\"og:description\" content=\"Tre\u015b\u0107 w przygotowaniu.\" \/>\n<meta property=\"og:url\" content=\"https:\/\/sm.odolanow.pl\/bip\/instrukacja-obslugi-bip\/\" \/>\n<meta property=\"og:site_name\" content=\"BIP Pa\u0144stwowej Szko\u0142y Muzycznej w Odolanowie\" \/>\n<meta property=\"article:modified_time\" content=\"2018-11-14T14:34:47+00:00\" \/>\n<meta name=\"twitter:card\" content=\"summary_large_image\" \/>\n<script type=\"application\/ld+json\" class=\"yoast-schema-graph\">{\"@context\":\"https:\\\/\\\/schema.org\",\"@graph\":[{\"@type\":\"WebPage\",\"@id\":\"https:\\\/\\\/sm.odolanow.pl\\\/bip\\\/instrukacja-obslugi-bip\\\/\",\"url\":\"https:\\\/\\\/sm.odolanow.pl\\\/bip\\\/instrukacja-obslugi-bip\\\/\",\"name\":\"Instrukacja obs\u0142ugi BIP - BIP Pa\u0144stwowej Szko\u0142y Muzycznej w Odolanowie\",\"isPartOf\":{\"@id\":\"https:\\\/\\\/sm.odolanow.pl\\\/bip\\\/#website\"},\"datePublished\":\"2018-05-13T12:12:36+00:00\",\"dateModified\":\"2018-11-14T14:34:47+00:00\",\"breadcrumb\":{\"@id\":\"https:\\\/\\\/sm.odolanow.pl\\\/bip\\\/instrukacja-obslugi-bip\\\/#breadcrumb\"},\"inLanguage\":\"pl-PL\",\"potentialAction\":[{\"@type\":\"ReadAction\",\"target\":[\"https:\\\/\\\/sm.odolanow.pl\\\/bip\\\/instrukacja-obslugi-bip\\\/\"]}]},{\"@type\":\"BreadcrumbList\",\"@id\":\"https:\\\/\\\/sm.odolanow.pl\\\/bip\\\/instrukacja-obslugi-bip\\\/#breadcrumb\",\"itemListElement\":[{\"@type\":\"ListItem\",\"position\":1,\"name\":\"Strona g\u0142\u00f3wna\",\"item\":\"https:\\\/\\\/sm.odolanow.pl\\\/bip\\\/\"},{\"@type\":\"ListItem\",\"position\":2,\"name\":\"Instrukacja obs\u0142ugi BIP\"}]},{\"@type\":\"WebSite\",\"@id\":\"https:\\\/\\\/sm.odolanow.pl\\\/bip\\\/#website\",\"url\":\"https:\\\/\\\/sm.odolanow.pl\\\/bip\\\/\",\"name\":\"BIP Pa\u0144stwowej Szko\u0142y Muzycznej w Odolanowie\",\"description\":\"\",\"potentialAction\":[{\"@type\":\"SearchAction\",\"target\":{\"@type\":\"EntryPoint\",\"urlTemplate\":\"https:\\\/\\\/sm.odolanow.pl\\\/bip\\\/?s={search_term_string}\"},\"query-input\":{\"@type\":\"PropertyValueSpecification\",\"valueRequired\":true,\"valueName\":\"search_term_string\"}}],\"inLanguage\":\"pl-PL\"}]}<\/script>\n<!-- \/ Yoast SEO plugin. -->","yoast_head_json":{"title":"Instrukacja obs\u0142ugi BIP - BIP Pa\u0144stwowej Szko\u0142y Muzycznej w Odolanowie","robots":{"index":"index","follow":"follow","max-snippet":"max-snippet:-1","max-image-preview":"max-image-preview:large","max-video-preview":"max-video-preview:-1"},"canonical":"https:\/\/sm.odolanow.pl\/bip\/instrukacja-obslugi-bip\/","og_locale":"pl_PL","og_type":"article","og_title":"Instrukacja obs\u0142ugi BIP - BIP Pa\u0144stwowej Szko\u0142y Muzycznej w Odolanowie","og_description":"Tre\u015b\u0107 w przygotowaniu.","og_url":"https:\/\/sm.odolanow.pl\/bip\/instrukacja-obslugi-bip\/","og_site_name":"BIP Pa\u0144stwowej Szko\u0142y Muzycznej w Odolanowie","article_modified_time":"2018-11-14T14:34:47+00:00","twitter_card":"summary_large_image","schema":{"@context":"https:\/\/schema.org","@graph":[{"@type":"WebPage","@id":"https:\/\/sm.odolanow.pl\/bip\/instrukacja-obslugi-bip\/","url":"https:\/\/sm.odolanow.pl\/bip\/instrukacja-obslugi-bip\/","name":"Instrukacja obs\u0142ugi BIP - BIP Pa\u0144stwowej Szko\u0142y Muzycznej w Odolanowie","isPartOf":{"@id":"https:\/\/sm.odolanow.pl\/bip\/#website"},"datePublished":"2018-05-13T12:12:36+00:00","dateModified":"2018-11-14T14:34:47+00:00","breadcrumb":{"@id":"https:\/\/sm.odolanow.pl\/bip\/instrukacja-obslugi-bip\/#breadcrumb"},"inLanguage":"pl-PL","potentialAction":[{"@type":"ReadAction","target":["https:\/\/sm.odolanow.pl\/bip\/instrukacja-obslugi-bip\/"]}]},{"@type":"BreadcrumbList","@id":"https:\/\/sm.odolanow.pl\/bip\/instrukacja-obslugi-bip\/#breadcrumb","itemListElement":[{"@type":"ListItem","position":1,"name":"Strona g\u0142\u00f3wna","item":"https:\/\/sm.odolanow.pl\/bip\/"},{"@type":"ListItem","position":2,"name":"Instrukacja obs\u0142ugi BIP"}]},{"@type":"WebSite","@id":"https:\/\/sm.odolanow.pl\/bip\/#website","url":"https:\/\/sm.odolanow.pl\/bip\/","name":"BIP Pa\u0144stwowej Szko\u0142y Muzycznej w Odolanowie","description":"","potentialAction":[{"@type":"SearchAction","target":{"@type":"EntryPoint","urlTemplate":"https:\/\/sm.odolanow.pl\/bip\/?s={search_term_string}"},"query-input":{"@type":"PropertyValueSpecification","valueRequired":true,"valueName":"search_term_string"}}],"inLanguage":"pl-PL"}]}},"_links":{"self":[{"href":"https:\/\/sm.odolanow.pl\/bip\/wp-json\/wp\/v2\/pages\/18","targetHints":{"allow":["GET"]}}],"collection":[{"href":"https:\/\/sm.odolanow.pl\/bip\/wp-json\/wp\/v2\/pages"}],"about":[{"href":"https:\/\/sm.odolanow.pl\/bip\/wp-json\/wp\/v2\/types\/page"}],"author":[{"embeddable":true,"href":"https:\/\/sm.odolanow.pl\/bip\/wp-json\/wp\/v2\/users\/1"}],"replies":[{"embeddable":true,"href":"https:\/\/sm.odolanow.pl\/bip\/wp-json\/wp\/v2\/comments?post=18"}],"version-history":[{"count":2,"href":"https:\/\/sm.odolanow.pl\/bip\/wp-json\/wp\/v2\/pages\/18\/revisions"}],"predecessor-version":[{"id":77,"href":"https:\/\/sm.odolanow.pl\/bip\/wp-json\/wp\/v2\/pages\/18\/revisions\/77"}],"wp:attachment":[{"href":"https:\/\/sm.odolanow.pl\/bip\/wp-json\/wp\/v2\/media?parent=18"}],"curies":[{"name":"wp","href":"https:\/\/api.w.org\/{rel}","templated":true}]}}