{"id":183,"date":"2020-07-07T12:00:44","date_gmt":"2020-07-07T10:00:44","guid":{"rendered":"http:\/\/sm.odolanow.pl\/bip\/?page_id=183"},"modified":"2020-07-09T08:35:42","modified_gmt":"2020-07-09T06:35:42","slug":"nabor-uzupelniajacy","status":"publish","type":"page","link":"https:\/\/sm.odolanow.pl\/bip\/warunki-przeprowadzania-badania-do-sm\/nabor-uzupelniajacy\/","title":{"rendered":"Nab\u00f3r uzupe\u0142niaj\u0105cy"},"content":{"rendered":"\n<p>Pa\u0144stwowa Szko\u0142a Muzyczna I stopnia w Odolanowie &nbsp;og\u0142asza nab\u00f3r uzupe\u0142niaj\u0105cy na rok szkolny 2020\/2021 w klasie saksofonu i tr\u0105bki. Wniosek o przyj\u0119cie do szko\u0142y  nale\u017cy z\u0142o\u017cy\u0107 do dnia 28 sierpnia 2020 r. w sekretariacie szko\u0142y lub  przes\u0142a\u0107 na adres poczty elektronicznej  <a href=\"http:\/\/www.sm.odolanow.pl\">www.sm.odolanow.pl<\/a> &nbsp;. Przes\u0142uchania w trybie uzupe\u0142niaj\u0105cym odb\u0119d\u0105 si\u0119 dnia 31 sierpnia o godzinie 9.00<\/p>\n\n\n\n<p>Warunki badania przydatno\u015bci kandydata w ramach naboru uzupe\u0142niaj\u0105cego do Pa\u0144stwowej Szko\u0142y Muzycznej I stopnia w Odolanowie <\/p>\n\n\n\n<p>Warunki badania przydatno\u015bci do szko\u0142y muzycznej:<\/p>\n\n\n\n<p>Badanie przydatno\u015bci do szko\u0142y muzycznej ma charakter indywidualnego sprawdzenia uzdolnie\u0144 muzycznych &nbsp;kandydata w zakresie:<\/p>\n\n\n\n<p>I. S\u0142uchu wysoko\u015bciowego i harmonicznego:<\/p>\n\n\n\n<ul class=\"wp-block-list\"><li>za\u015bpiewanie dowolnej piosenki lub jej fragmentu przygotowanej przez kandydata<\/li><li>por\u00f3wnanie wysoko\u015bci dw\u00f3ch d\u017awi\u0119k\u00f3w,<\/li><li>wskazanie zmienionego d\u017awi\u0119ku w tr\u00f3jd\u017awi\u0119ku,<\/li><li>rozpoznawanie liczby d\u017awi\u0119k\u00f3w we wsp\u00f3\u0142brzmieniu<\/li><\/ul>\n\n\n\n<p>II. Poczucia rytmu:<\/p>\n\n\n\n<ul class=\"wp-block-list\"><li>powtarzanie kr\u00f3tkich struktur rytmicznych<\/li><\/ul>\n\n\n\n<p>III. pami\u0119ci muzycznej:<\/p>\n\n\n\n<ul class=\"wp-block-list\"><li>powtarzanie g\u0142osem struktur melodyczno-rytmicznych<\/li><li>rozpoznawanie melodii ze zmianami lub bez<\/li><\/ul>\n\n\n\n<p>IV predyspozycji do nauki gry na okre\u015blonym instrumencie jako lu\u017ana rozmowa podczas przes\u0142uchania wst\u0119pnego<\/p>\n","protected":false},"excerpt":{"rendered":"<p>Pa\u0144stwowa Szko\u0142a Muzyczna I stopnia w Odolanowie &nbsp;og\u0142asza nab\u00f3r uzupe\u0142niaj\u0105cy na rok szkolny 2020\/2021 w klasie saksofonu i tr\u0105bki. Wniosek o przyj\u0119cie do szko\u0142y nale\u017cy z\u0142o\u017cy\u0107 do dnia 28 sierpnia 2020 r. w sekretariacie szko\u0142y lub przes\u0142a\u0107 na adres poczty elektronicznej www.sm.odolanow.pl &nbsp;. Przes\u0142uchania w trybie uzupe\u0142niaj\u0105cym odb\u0119d\u0105 si\u0119 dnia 31 sierpnia o godzinie 9.00 [&hellip;]<\/p>\n","protected":false},"author":2,"featured_media":0,"parent":130,"menu_order":0,"comment_status":"closed","ping_status":"closed","template":"","meta":{"footnotes":""},"class_list":["post-183","page","type-page","status-publish","hentry"],"yoast_head":"<!-- This site is optimized with the Yoast SEO plugin v27.4 - https:\/\/yoast.com\/product\/yoast-seo-wordpress\/ -->\n<title>Nab\u00f3r uzupe\u0142niaj\u0105cy - BIP Pa\u0144stwowej Szko\u0142y Muzycznej w Odolanowie<\/title>\n<meta name=\"robots\" content=\"index, follow, max-snippet:-1, max-image-preview:large, max-video-preview:-1\" \/>\n<link rel=\"canonical\" href=\"http:\/\/sm.odolanow.pl\/bip\/warunki-przeprowadzania-badania-do-sm\/nabor-uzupelniajacy\/\" \/>\n<meta property=\"og:locale\" content=\"pl_PL\" \/>\n<meta property=\"og:type\" content=\"article\" \/>\n<meta property=\"og:title\" content=\"Nab\u00f3r uzupe\u0142niaj\u0105cy - BIP Pa\u0144stwowej Szko\u0142y Muzycznej w Odolanowie\" \/>\n<meta property=\"og:description\" content=\"Pa\u0144stwowa Szko\u0142a Muzyczna I stopnia w Odolanowie &nbsp;og\u0142asza nab\u00f3r uzupe\u0142niaj\u0105cy na rok szkolny 2020\/2021 w klasie saksofonu i tr\u0105bki. Wniosek o przyj\u0119cie do szko\u0142y nale\u017cy z\u0142o\u017cy\u0107 do dnia 28 sierpnia 2020 r. w sekretariacie szko\u0142y lub przes\u0142a\u0107 na adres poczty elektronicznej www.sm.odolanow.pl &nbsp;. Przes\u0142uchania w trybie uzupe\u0142niaj\u0105cym odb\u0119d\u0105 si\u0119 dnia 31 sierpnia o godzinie 9.00 [&hellip;]\" \/>\n<meta property=\"og:url\" content=\"http:\/\/sm.odolanow.pl\/bip\/warunki-przeprowadzania-badania-do-sm\/nabor-uzupelniajacy\/\" \/>\n<meta property=\"og:site_name\" content=\"BIP Pa\u0144stwowej Szko\u0142y Muzycznej w Odolanowie\" \/>\n<meta property=\"article:modified_time\" content=\"2020-07-09T06:35:42+00:00\" \/>\n<meta name=\"twitter:card\" content=\"summary_large_image\" \/>\n<meta name=\"twitter:label1\" content=\"Szacowany czas czytania\" \/>\n\t<meta name=\"twitter:data1\" content=\"1 minuta\" \/>\n<script type=\"application\/ld+json\" class=\"yoast-schema-graph\">{\"@context\":\"https:\\\/\\\/schema.org\",\"@graph\":[{\"@type\":\"WebPage\",\"@id\":\"http:\\\/\\\/sm.odolanow.pl\\\/bip\\\/warunki-przeprowadzania-badania-do-sm\\\/nabor-uzupelniajacy\\\/\",\"url\":\"http:\\\/\\\/sm.odolanow.pl\\\/bip\\\/warunki-przeprowadzania-badania-do-sm\\\/nabor-uzupelniajacy\\\/\",\"name\":\"Nab\u00f3r uzupe\u0142niaj\u0105cy - BIP Pa\u0144stwowej Szko\u0142y Muzycznej w Odolanowie\",\"isPartOf\":{\"@id\":\"https:\\\/\\\/sm.odolanow.pl\\\/bip\\\/#website\"},\"datePublished\":\"2020-07-07T10:00:44+00:00\",\"dateModified\":\"2020-07-09T06:35:42+00:00\",\"breadcrumb\":{\"@id\":\"http:\\\/\\\/sm.odolanow.pl\\\/bip\\\/warunki-przeprowadzania-badania-do-sm\\\/nabor-uzupelniajacy\\\/#breadcrumb\"},\"inLanguage\":\"pl-PL\",\"potentialAction\":[{\"@type\":\"ReadAction\",\"target\":[\"http:\\\/\\\/sm.odolanow.pl\\\/bip\\\/warunki-przeprowadzania-badania-do-sm\\\/nabor-uzupelniajacy\\\/\"]}]},{\"@type\":\"BreadcrumbList\",\"@id\":\"http:\\\/\\\/sm.odolanow.pl\\\/bip\\\/warunki-przeprowadzania-badania-do-sm\\\/nabor-uzupelniajacy\\\/#breadcrumb\",\"itemListElement\":[{\"@type\":\"ListItem\",\"position\":1,\"name\":\"Strona g\u0142\u00f3wna\",\"item\":\"https:\\\/\\\/sm.odolanow.pl\\\/bip\\\/\"},{\"@type\":\"ListItem\",\"position\":2,\"name\":\"Warunki i termin przeprowadzania badania przydatno\u015bci do PSM I st. w Odolanowie.\",\"item\":\"http:\\\/\\\/sm.odolanow.pl\\\/bip\\\/warunki-przeprowadzania-badania-do-sm\\\/\"},{\"@type\":\"ListItem\",\"position\":3,\"name\":\"Nab\u00f3r uzupe\u0142niaj\u0105cy\"}]},{\"@type\":\"WebSite\",\"@id\":\"https:\\\/\\\/sm.odolanow.pl\\\/bip\\\/#website\",\"url\":\"https:\\\/\\\/sm.odolanow.pl\\\/bip\\\/\",\"name\":\"BIP Pa\u0144stwowej Szko\u0142y Muzycznej w Odolanowie\",\"description\":\"\",\"potentialAction\":[{\"@type\":\"SearchAction\",\"target\":{\"@type\":\"EntryPoint\",\"urlTemplate\":\"https:\\\/\\\/sm.odolanow.pl\\\/bip\\\/?s={search_term_string}\"},\"query-input\":{\"@type\":\"PropertyValueSpecification\",\"valueRequired\":true,\"valueName\":\"search_term_string\"}}],\"inLanguage\":\"pl-PL\"}]}<\/script>\n<!-- \/ Yoast SEO plugin. -->","yoast_head_json":{"title":"Nab\u00f3r uzupe\u0142niaj\u0105cy - BIP Pa\u0144stwowej Szko\u0142y Muzycznej w Odolanowie","robots":{"index":"index","follow":"follow","max-snippet":"max-snippet:-1","max-image-preview":"max-image-preview:large","max-video-preview":"max-video-preview:-1"},"canonical":"http:\/\/sm.odolanow.pl\/bip\/warunki-przeprowadzania-badania-do-sm\/nabor-uzupelniajacy\/","og_locale":"pl_PL","og_type":"article","og_title":"Nab\u00f3r uzupe\u0142niaj\u0105cy - BIP Pa\u0144stwowej Szko\u0142y Muzycznej w Odolanowie","og_description":"Pa\u0144stwowa Szko\u0142a Muzyczna I stopnia w Odolanowie &nbsp;og\u0142asza nab\u00f3r uzupe\u0142niaj\u0105cy na rok szkolny 2020\/2021 w klasie saksofonu i tr\u0105bki. Wniosek o przyj\u0119cie do szko\u0142y nale\u017cy z\u0142o\u017cy\u0107 do dnia 28 sierpnia 2020 r. w sekretariacie szko\u0142y lub przes\u0142a\u0107 na adres poczty elektronicznej www.sm.odolanow.pl &nbsp;. Przes\u0142uchania w trybie uzupe\u0142niaj\u0105cym odb\u0119d\u0105 si\u0119 dnia 31 sierpnia o godzinie 9.00 [&hellip;]","og_url":"http:\/\/sm.odolanow.pl\/bip\/warunki-przeprowadzania-badania-do-sm\/nabor-uzupelniajacy\/","og_site_name":"BIP Pa\u0144stwowej Szko\u0142y Muzycznej w Odolanowie","article_modified_time":"2020-07-09T06:35:42+00:00","twitter_card":"summary_large_image","twitter_misc":{"Szacowany czas czytania":"1 minuta"},"schema":{"@context":"https:\/\/schema.org","@graph":[{"@type":"WebPage","@id":"http:\/\/sm.odolanow.pl\/bip\/warunki-przeprowadzania-badania-do-sm\/nabor-uzupelniajacy\/","url":"http:\/\/sm.odolanow.pl\/bip\/warunki-przeprowadzania-badania-do-sm\/nabor-uzupelniajacy\/","name":"Nab\u00f3r uzupe\u0142niaj\u0105cy - BIP Pa\u0144stwowej Szko\u0142y Muzycznej w Odolanowie","isPartOf":{"@id":"https:\/\/sm.odolanow.pl\/bip\/#website"},"datePublished":"2020-07-07T10:00:44+00:00","dateModified":"2020-07-09T06:35:42+00:00","breadcrumb":{"@id":"http:\/\/sm.odolanow.pl\/bip\/warunki-przeprowadzania-badania-do-sm\/nabor-uzupelniajacy\/#breadcrumb"},"inLanguage":"pl-PL","potentialAction":[{"@type":"ReadAction","target":["http:\/\/sm.odolanow.pl\/bip\/warunki-przeprowadzania-badania-do-sm\/nabor-uzupelniajacy\/"]}]},{"@type":"BreadcrumbList","@id":"http:\/\/sm.odolanow.pl\/bip\/warunki-przeprowadzania-badania-do-sm\/nabor-uzupelniajacy\/#breadcrumb","itemListElement":[{"@type":"ListItem","position":1,"name":"Strona g\u0142\u00f3wna","item":"https:\/\/sm.odolanow.pl\/bip\/"},{"@type":"ListItem","position":2,"name":"Warunki i termin przeprowadzania badania przydatno\u015bci do PSM I st. w Odolanowie.","item":"http:\/\/sm.odolanow.pl\/bip\/warunki-przeprowadzania-badania-do-sm\/"},{"@type":"ListItem","position":3,"name":"Nab\u00f3r uzupe\u0142niaj\u0105cy"}]},{"@type":"WebSite","@id":"https:\/\/sm.odolanow.pl\/bip\/#website","url":"https:\/\/sm.odolanow.pl\/bip\/","name":"BIP Pa\u0144stwowej Szko\u0142y Muzycznej w Odolanowie","description":"","potentialAction":[{"@type":"SearchAction","target":{"@type":"EntryPoint","urlTemplate":"https:\/\/sm.odolanow.pl\/bip\/?s={search_term_string}"},"query-input":{"@type":"PropertyValueSpecification","valueRequired":true,"valueName":"search_term_string"}}],"inLanguage":"pl-PL"}]}},"_links":{"self":[{"href":"https:\/\/sm.odolanow.pl\/bip\/wp-json\/wp\/v2\/pages\/183","targetHints":{"allow":["GET"]}}],"collection":[{"href":"https:\/\/sm.odolanow.pl\/bip\/wp-json\/wp\/v2\/pages"}],"about":[{"href":"https:\/\/sm.odolanow.pl\/bip\/wp-json\/wp\/v2\/types\/page"}],"author":[{"embeddable":true,"href":"https:\/\/sm.odolanow.pl\/bip\/wp-json\/wp\/v2\/users\/2"}],"replies":[{"embeddable":true,"href":"https:\/\/sm.odolanow.pl\/bip\/wp-json\/wp\/v2\/comments?post=183"}],"version-history":[{"count":4,"href":"https:\/\/sm.odolanow.pl\/bip\/wp-json\/wp\/v2\/pages\/183\/revisions"}],"predecessor-version":[{"id":193,"href":"https:\/\/sm.odolanow.pl\/bip\/wp-json\/wp\/v2\/pages\/183\/revisions\/193"}],"up":[{"embeddable":true,"href":"https:\/\/sm.odolanow.pl\/bip\/wp-json\/wp\/v2\/pages\/130"}],"wp:attachment":[{"href":"https:\/\/sm.odolanow.pl\/bip\/wp-json\/wp\/v2\/media?parent=183"}],"curies":[{"name":"wp","href":"https:\/\/api.w.org\/{rel}","templated":true}]}}