{"id":20,"date":"2018-05-13T14:12:47","date_gmt":"2018-05-13T12:12:47","guid":{"rendered":"http:\/\/sm.odolanow.pl\/bip\/?page_id=20"},"modified":"2020-07-09T08:21:36","modified_gmt":"2020-07-09T06:21:36","slug":"organy-i-osoby-sprawujace-funkcje","status":"publish","type":"page","link":"https:\/\/sm.odolanow.pl\/bip\/organy-i-osoby-sprawujace-funkcje\/","title":{"rendered":"Organy i osoby sprawuj\u0105ce funkcje"},"content":{"rendered":"<div class=\"page-break-script\">\n<p>Dyrektor Szko\u0142y: mgr Janusz Lizurej<\/p>\n<p>Organami Szko\u0142y s\u0105:<\/p>\n<\/div>\n<div class=\"page-break-script\">\u00a0\u00a0 Dyrektor Szko\u0142y,<\/div>\n<div class=\"page-break-script\">\u00a0\u00a0 Rada Pedagogiczna,<\/div>\n<div class=\"page-break-script\">\u00a0\u00a0 Rada Rodzic\u00f3w,<\/div>\n<div class=\"page-break-script\">\u00a0\u00a0 Samorz\u0105d Uczniowski.<\/div>\n<div class=\"page-break-script\">\n<\/div>\n","protected":false},"excerpt":{"rendered":"<p>Dyrektor Szko\u0142y: mgr Janusz Lizurej Organami Szko\u0142y s\u0105: \u00a0\u00a0 Dyrektor Szko\u0142y, \u00a0\u00a0 Rada Pedagogiczna, \u00a0\u00a0 Rada Rodzic\u00f3w, \u00a0\u00a0 Samorz\u0105d Uczniowski.<\/p>\n","protected":false},"author":1,"featured_media":0,"parent":0,"menu_order":0,"comment_status":"closed","ping_status":"closed","template":"","meta":{"footnotes":""},"class_list":["post-20","page","type-page","status-publish","hentry"],"yoast_head":"<!-- This site is optimized with the Yoast SEO plugin v27.4 - https:\/\/yoast.com\/product\/yoast-seo-wordpress\/ -->\n<title>Organy i osoby sprawuj\u0105ce funkcje - BIP Pa\u0144stwowej Szko\u0142y Muzycznej w Odolanowie<\/title>\n<meta name=\"robots\" content=\"index, follow, max-snippet:-1, max-image-preview:large, max-video-preview:-1\" \/>\n<link rel=\"canonical\" href=\"https:\/\/sm.odolanow.pl\/bip\/organy-i-osoby-sprawujace-funkcje\/\" \/>\n<meta property=\"og:locale\" content=\"pl_PL\" \/>\n<meta property=\"og:type\" content=\"article\" \/>\n<meta property=\"og:title\" content=\"Organy i osoby sprawuj\u0105ce funkcje - BIP Pa\u0144stwowej Szko\u0142y Muzycznej w Odolanowie\" \/>\n<meta property=\"og:description\" content=\"Dyrektor Szko\u0142y: mgr Janusz Lizurej Organami Szko\u0142y s\u0105: \u00a0\u00a0 Dyrektor Szko\u0142y, \u00a0\u00a0 Rada Pedagogiczna, \u00a0\u00a0 Rada Rodzic\u00f3w, \u00a0\u00a0 Samorz\u0105d Uczniowski.\" \/>\n<meta property=\"og:url\" content=\"https:\/\/sm.odolanow.pl\/bip\/organy-i-osoby-sprawujace-funkcje\/\" \/>\n<meta property=\"og:site_name\" content=\"BIP Pa\u0144stwowej Szko\u0142y Muzycznej w Odolanowie\" \/>\n<meta property=\"article:modified_time\" content=\"2020-07-09T06:21:36+00:00\" \/>\n<meta name=\"twitter:card\" content=\"summary_large_image\" \/>\n<script type=\"application\/ld+json\" class=\"yoast-schema-graph\">{\"@context\":\"https:\\\/\\\/schema.org\",\"@graph\":[{\"@type\":\"WebPage\",\"@id\":\"https:\\\/\\\/sm.odolanow.pl\\\/bip\\\/organy-i-osoby-sprawujace-funkcje\\\/\",\"url\":\"https:\\\/\\\/sm.odolanow.pl\\\/bip\\\/organy-i-osoby-sprawujace-funkcje\\\/\",\"name\":\"Organy i osoby sprawuj\u0105ce funkcje - BIP Pa\u0144stwowej Szko\u0142y Muzycznej w Odolanowie\",\"isPartOf\":{\"@id\":\"https:\\\/\\\/sm.odolanow.pl\\\/bip\\\/#website\"},\"datePublished\":\"2018-05-13T12:12:47+00:00\",\"dateModified\":\"2020-07-09T06:21:36+00:00\",\"breadcrumb\":{\"@id\":\"https:\\\/\\\/sm.odolanow.pl\\\/bip\\\/organy-i-osoby-sprawujace-funkcje\\\/#breadcrumb\"},\"inLanguage\":\"pl-PL\",\"potentialAction\":[{\"@type\":\"ReadAction\",\"target\":[\"https:\\\/\\\/sm.odolanow.pl\\\/bip\\\/organy-i-osoby-sprawujace-funkcje\\\/\"]}]},{\"@type\":\"BreadcrumbList\",\"@id\":\"https:\\\/\\\/sm.odolanow.pl\\\/bip\\\/organy-i-osoby-sprawujace-funkcje\\\/#breadcrumb\",\"itemListElement\":[{\"@type\":\"ListItem\",\"position\":1,\"name\":\"Strona g\u0142\u00f3wna\",\"item\":\"https:\\\/\\\/sm.odolanow.pl\\\/bip\\\/\"},{\"@type\":\"ListItem\",\"position\":2,\"name\":\"Organy i osoby sprawuj\u0105ce funkcje\"}]},{\"@type\":\"WebSite\",\"@id\":\"https:\\\/\\\/sm.odolanow.pl\\\/bip\\\/#website\",\"url\":\"https:\\\/\\\/sm.odolanow.pl\\\/bip\\\/\",\"name\":\"BIP Pa\u0144stwowej Szko\u0142y Muzycznej w Odolanowie\",\"description\":\"\",\"potentialAction\":[{\"@type\":\"SearchAction\",\"target\":{\"@type\":\"EntryPoint\",\"urlTemplate\":\"https:\\\/\\\/sm.odolanow.pl\\\/bip\\\/?s={search_term_string}\"},\"query-input\":{\"@type\":\"PropertyValueSpecification\",\"valueRequired\":true,\"valueName\":\"search_term_string\"}}],\"inLanguage\":\"pl-PL\"}]}<\/script>\n<!-- \/ Yoast SEO plugin. -->","yoast_head_json":{"title":"Organy i osoby sprawuj\u0105ce funkcje - BIP Pa\u0144stwowej Szko\u0142y Muzycznej w Odolanowie","robots":{"index":"index","follow":"follow","max-snippet":"max-snippet:-1","max-image-preview":"max-image-preview:large","max-video-preview":"max-video-preview:-1"},"canonical":"https:\/\/sm.odolanow.pl\/bip\/organy-i-osoby-sprawujace-funkcje\/","og_locale":"pl_PL","og_type":"article","og_title":"Organy i osoby sprawuj\u0105ce funkcje - BIP Pa\u0144stwowej Szko\u0142y Muzycznej w Odolanowie","og_description":"Dyrektor Szko\u0142y: mgr Janusz Lizurej Organami Szko\u0142y s\u0105: \u00a0\u00a0 Dyrektor Szko\u0142y, \u00a0\u00a0 Rada Pedagogiczna, \u00a0\u00a0 Rada Rodzic\u00f3w, \u00a0\u00a0 Samorz\u0105d Uczniowski.","og_url":"https:\/\/sm.odolanow.pl\/bip\/organy-i-osoby-sprawujace-funkcje\/","og_site_name":"BIP Pa\u0144stwowej Szko\u0142y Muzycznej w Odolanowie","article_modified_time":"2020-07-09T06:21:36+00:00","twitter_card":"summary_large_image","schema":{"@context":"https:\/\/schema.org","@graph":[{"@type":"WebPage","@id":"https:\/\/sm.odolanow.pl\/bip\/organy-i-osoby-sprawujace-funkcje\/","url":"https:\/\/sm.odolanow.pl\/bip\/organy-i-osoby-sprawujace-funkcje\/","name":"Organy i osoby sprawuj\u0105ce funkcje - BIP Pa\u0144stwowej Szko\u0142y Muzycznej w Odolanowie","isPartOf":{"@id":"https:\/\/sm.odolanow.pl\/bip\/#website"},"datePublished":"2018-05-13T12:12:47+00:00","dateModified":"2020-07-09T06:21:36+00:00","breadcrumb":{"@id":"https:\/\/sm.odolanow.pl\/bip\/organy-i-osoby-sprawujace-funkcje\/#breadcrumb"},"inLanguage":"pl-PL","potentialAction":[{"@type":"ReadAction","target":["https:\/\/sm.odolanow.pl\/bip\/organy-i-osoby-sprawujace-funkcje\/"]}]},{"@type":"BreadcrumbList","@id":"https:\/\/sm.odolanow.pl\/bip\/organy-i-osoby-sprawujace-funkcje\/#breadcrumb","itemListElement":[{"@type":"ListItem","position":1,"name":"Strona g\u0142\u00f3wna","item":"https:\/\/sm.odolanow.pl\/bip\/"},{"@type":"ListItem","position":2,"name":"Organy i osoby sprawuj\u0105ce funkcje"}]},{"@type":"WebSite","@id":"https:\/\/sm.odolanow.pl\/bip\/#website","url":"https:\/\/sm.odolanow.pl\/bip\/","name":"BIP Pa\u0144stwowej Szko\u0142y Muzycznej w Odolanowie","description":"","potentialAction":[{"@type":"SearchAction","target":{"@type":"EntryPoint","urlTemplate":"https:\/\/sm.odolanow.pl\/bip\/?s={search_term_string}"},"query-input":{"@type":"PropertyValueSpecification","valueRequired":true,"valueName":"search_term_string"}}],"inLanguage":"pl-PL"}]}},"_links":{"self":[{"href":"https:\/\/sm.odolanow.pl\/bip\/wp-json\/wp\/v2\/pages\/20","targetHints":{"allow":["GET"]}}],"collection":[{"href":"https:\/\/sm.odolanow.pl\/bip\/wp-json\/wp\/v2\/pages"}],"about":[{"href":"https:\/\/sm.odolanow.pl\/bip\/wp-json\/wp\/v2\/types\/page"}],"author":[{"embeddable":true,"href":"https:\/\/sm.odolanow.pl\/bip\/wp-json\/wp\/v2\/users\/1"}],"replies":[{"embeddable":true,"href":"https:\/\/sm.odolanow.pl\/bip\/wp-json\/wp\/v2\/comments?post=20"}],"version-history":[{"count":3,"href":"https:\/\/sm.odolanow.pl\/bip\/wp-json\/wp\/v2\/pages\/20\/revisions"}],"predecessor-version":[{"id":192,"href":"https:\/\/sm.odolanow.pl\/bip\/wp-json\/wp\/v2\/pages\/20\/revisions\/192"}],"wp:attachment":[{"href":"https:\/\/sm.odolanow.pl\/bip\/wp-json\/wp\/v2\/media?parent=20"}],"curies":[{"name":"wp","href":"https:\/\/api.w.org\/{rel}","templated":true}]}}