{"id":24,"date":"2018-05-13T14:13:33","date_gmt":"2018-05-13T12:13:33","guid":{"rendered":"http:\/\/sm.odolanow.pl\/bip\/?page_id=24"},"modified":"2025-05-28T11:51:26","modified_gmt":"2025-05-28T09:51:26","slug":"oferty-pracy","status":"publish","type":"page","link":"https:\/\/sm.odolanow.pl\/bip\/oferty-pracy\/","title":{"rendered":"Oferty pracy"},"content":{"rendered":"\n<p><\/p>\n\n\n\n<p>Oferta pracy &#8211; nauczyciel ch\u00f3ru PSM I st w Odolanowie zatrudni od 1 wrze\u015bnia 2025r nauczciela ch\u00f3ru w wymiarze dw\u00f3ch godzin lekcyjnych<\/p>\n\n\n\n<p>Oferta pracy nauczciel orkiestry PSM I st w Odolanowie zatrudni  od 1 wrze\u015bnia 2025r nauczciela  orkeitry w wymiarze dw\u00f3ch godzin lekcyjnych.<\/p>\n\n\n\n<p>Oferta pracy &#8211; nauczyciel kszta\u0142cenia s\u0142uchu i audycji muzycznych &#8211; PSM I st w Odolanowie zatrudni na sta\u0142e od 1 wrze\u015bnia 2023r. nauczyciela kszta\u0142cenia s\u0142uchu i audycji muzycznych. Ze wzgl\u0119du na organizacj\u0119 roku szkolnego oferty  kierowa\u0107 najlepiej do 30 czerwca na adres smodolanow@wp.pl lub w sekretariacie szko\u0142y. Wymiar zatrudnienia pe\u0142ny lub do uzgodnienia. <\/p>\n\n\n\n<p> Oferta pracy &#8211; nauczyciel ch\u00f3ru &#8211; PSM I st. w Odolanowie zatrudni od 1 wrzesnia 2023r nauczyciela ch\u00f3ru w wymiarze 2\/18. Oferty nale\u017cy kierowa\u0107 na adres smodolanow@wp.pl lub w sekretariacie szko\u0142y. <\/p>\n\n\n<p><a href=\"http:\/\/sm.odolanow.pl\/bip\/wp-content\/uploads\/2019\/05\/Oferta-pracy-nauczyciel-ch\u00f3ru.docx\">Oferta pracy &#8211; nauczyciel ch\u00f3ru<\/a><\/p>\n<p><a href=\"http:\/\/sm.odolanow.pl\/bip\/wp-content\/uploads\/2019\/05\/Oferta-pracy-nauczyciel-orkiestry.docx\">Oferta pracy &#8211; nauczyciel orkiestry<\/a><\/p>","protected":false},"excerpt":{"rendered":"<p>Oferta pracy &#8211; nauczyciel ch\u00f3ru PSM I st w Odolanowie zatrudni od 1 wrze\u015bnia 2025r nauczciela ch\u00f3ru w wymiarze dw\u00f3ch godzin lekcyjnych Oferta pracy nauczciel orkiestry PSM I st w Odolanowie zatrudni od 1 wrze\u015bnia 2025r nauczciela orkeitry w wymiarze dw\u00f3ch godzin lekcyjnych. Oferta pracy &#8211; nauczyciel kszta\u0142cenia s\u0142uchu i audycji muzycznych &#8211; PSM I [&hellip;]<\/p>\n","protected":false},"author":1,"featured_media":0,"parent":0,"menu_order":0,"comment_status":"closed","ping_status":"closed","template":"","meta":{"footnotes":""},"class_list":["post-24","page","type-page","status-publish","hentry"],"yoast_head":"<!-- This site is optimized with the Yoast SEO plugin v27.4 - https:\/\/yoast.com\/product\/yoast-seo-wordpress\/ -->\n<title>Oferty pracy - BIP Pa\u0144stwowej Szko\u0142y Muzycznej w Odolanowie<\/title>\n<meta name=\"robots\" content=\"index, follow, max-snippet:-1, max-image-preview:large, max-video-preview:-1\" \/>\n<link rel=\"canonical\" href=\"https:\/\/sm.odolanow.pl\/bip\/oferty-pracy\/\" \/>\n<meta property=\"og:locale\" content=\"pl_PL\" \/>\n<meta property=\"og:type\" content=\"article\" \/>\n<meta property=\"og:title\" content=\"Oferty pracy - BIP Pa\u0144stwowej Szko\u0142y Muzycznej w Odolanowie\" \/>\n<meta property=\"og:description\" content=\"Oferta pracy &#8211; nauczyciel ch\u00f3ru PSM I st w Odolanowie zatrudni od 1 wrze\u015bnia 2025r nauczciela ch\u00f3ru w wymiarze dw\u00f3ch godzin lekcyjnych Oferta pracy nauczciel orkiestry PSM I st w Odolanowie zatrudni od 1 wrze\u015bnia 2025r nauczciela orkeitry w wymiarze dw\u00f3ch godzin lekcyjnych. Oferta pracy &#8211; nauczyciel kszta\u0142cenia s\u0142uchu i audycji muzycznych &#8211; PSM I [&hellip;]\" \/>\n<meta property=\"og:url\" content=\"https:\/\/sm.odolanow.pl\/bip\/oferty-pracy\/\" \/>\n<meta property=\"og:site_name\" content=\"BIP Pa\u0144stwowej Szko\u0142y Muzycznej w Odolanowie\" \/>\n<meta property=\"article:modified_time\" content=\"2025-05-28T09:51:26+00:00\" \/>\n<meta name=\"twitter:card\" content=\"summary_large_image\" \/>\n<meta name=\"twitter:label1\" content=\"Szacowany czas czytania\" \/>\n\t<meta name=\"twitter:data1\" content=\"1 minuta\" \/>\n<script type=\"application\/ld+json\" class=\"yoast-schema-graph\">{\"@context\":\"https:\\\/\\\/schema.org\",\"@graph\":[{\"@type\":\"WebPage\",\"@id\":\"https:\\\/\\\/sm.odolanow.pl\\\/bip\\\/oferty-pracy\\\/\",\"url\":\"https:\\\/\\\/sm.odolanow.pl\\\/bip\\\/oferty-pracy\\\/\",\"name\":\"Oferty pracy - BIP Pa\u0144stwowej Szko\u0142y Muzycznej w Odolanowie\",\"isPartOf\":{\"@id\":\"https:\\\/\\\/sm.odolanow.pl\\\/bip\\\/#website\"},\"datePublished\":\"2018-05-13T12:13:33+00:00\",\"dateModified\":\"2025-05-28T09:51:26+00:00\",\"breadcrumb\":{\"@id\":\"https:\\\/\\\/sm.odolanow.pl\\\/bip\\\/oferty-pracy\\\/#breadcrumb\"},\"inLanguage\":\"pl-PL\",\"potentialAction\":[{\"@type\":\"ReadAction\",\"target\":[\"https:\\\/\\\/sm.odolanow.pl\\\/bip\\\/oferty-pracy\\\/\"]}]},{\"@type\":\"BreadcrumbList\",\"@id\":\"https:\\\/\\\/sm.odolanow.pl\\\/bip\\\/oferty-pracy\\\/#breadcrumb\",\"itemListElement\":[{\"@type\":\"ListItem\",\"position\":1,\"name\":\"Strona g\u0142\u00f3wna\",\"item\":\"https:\\\/\\\/sm.odolanow.pl\\\/bip\\\/\"},{\"@type\":\"ListItem\",\"position\":2,\"name\":\"Oferty pracy\"}]},{\"@type\":\"WebSite\",\"@id\":\"https:\\\/\\\/sm.odolanow.pl\\\/bip\\\/#website\",\"url\":\"https:\\\/\\\/sm.odolanow.pl\\\/bip\\\/\",\"name\":\"BIP Pa\u0144stwowej Szko\u0142y Muzycznej w Odolanowie\",\"description\":\"\",\"potentialAction\":[{\"@type\":\"SearchAction\",\"target\":{\"@type\":\"EntryPoint\",\"urlTemplate\":\"https:\\\/\\\/sm.odolanow.pl\\\/bip\\\/?s={search_term_string}\"},\"query-input\":{\"@type\":\"PropertyValueSpecification\",\"valueRequired\":true,\"valueName\":\"search_term_string\"}}],\"inLanguage\":\"pl-PL\"}]}<\/script>\n<!-- \/ Yoast SEO plugin. -->","yoast_head_json":{"title":"Oferty pracy - BIP Pa\u0144stwowej Szko\u0142y Muzycznej w Odolanowie","robots":{"index":"index","follow":"follow","max-snippet":"max-snippet:-1","max-image-preview":"max-image-preview:large","max-video-preview":"max-video-preview:-1"},"canonical":"https:\/\/sm.odolanow.pl\/bip\/oferty-pracy\/","og_locale":"pl_PL","og_type":"article","og_title":"Oferty pracy - BIP Pa\u0144stwowej Szko\u0142y Muzycznej w Odolanowie","og_description":"Oferta pracy &#8211; nauczyciel ch\u00f3ru PSM I st w Odolanowie zatrudni od 1 wrze\u015bnia 2025r nauczciela ch\u00f3ru w wymiarze dw\u00f3ch godzin lekcyjnych Oferta pracy nauczciel orkiestry PSM I st w Odolanowie zatrudni od 1 wrze\u015bnia 2025r nauczciela orkeitry w wymiarze dw\u00f3ch godzin lekcyjnych. Oferta pracy &#8211; nauczyciel kszta\u0142cenia s\u0142uchu i audycji muzycznych &#8211; PSM I [&hellip;]","og_url":"https:\/\/sm.odolanow.pl\/bip\/oferty-pracy\/","og_site_name":"BIP Pa\u0144stwowej Szko\u0142y Muzycznej w Odolanowie","article_modified_time":"2025-05-28T09:51:26+00:00","twitter_card":"summary_large_image","twitter_misc":{"Szacowany czas czytania":"1 minuta"},"schema":{"@context":"https:\/\/schema.org","@graph":[{"@type":"WebPage","@id":"https:\/\/sm.odolanow.pl\/bip\/oferty-pracy\/","url":"https:\/\/sm.odolanow.pl\/bip\/oferty-pracy\/","name":"Oferty pracy - BIP Pa\u0144stwowej Szko\u0142y Muzycznej w Odolanowie","isPartOf":{"@id":"https:\/\/sm.odolanow.pl\/bip\/#website"},"datePublished":"2018-05-13T12:13:33+00:00","dateModified":"2025-05-28T09:51:26+00:00","breadcrumb":{"@id":"https:\/\/sm.odolanow.pl\/bip\/oferty-pracy\/#breadcrumb"},"inLanguage":"pl-PL","potentialAction":[{"@type":"ReadAction","target":["https:\/\/sm.odolanow.pl\/bip\/oferty-pracy\/"]}]},{"@type":"BreadcrumbList","@id":"https:\/\/sm.odolanow.pl\/bip\/oferty-pracy\/#breadcrumb","itemListElement":[{"@type":"ListItem","position":1,"name":"Strona g\u0142\u00f3wna","item":"https:\/\/sm.odolanow.pl\/bip\/"},{"@type":"ListItem","position":2,"name":"Oferty pracy"}]},{"@type":"WebSite","@id":"https:\/\/sm.odolanow.pl\/bip\/#website","url":"https:\/\/sm.odolanow.pl\/bip\/","name":"BIP Pa\u0144stwowej Szko\u0142y Muzycznej w Odolanowie","description":"","potentialAction":[{"@type":"SearchAction","target":{"@type":"EntryPoint","urlTemplate":"https:\/\/sm.odolanow.pl\/bip\/?s={search_term_string}"},"query-input":{"@type":"PropertyValueSpecification","valueRequired":true,"valueName":"search_term_string"}}],"inLanguage":"pl-PL"}]}},"_links":{"self":[{"href":"https:\/\/sm.odolanow.pl\/bip\/wp-json\/wp\/v2\/pages\/24","targetHints":{"allow":["GET"]}}],"collection":[{"href":"https:\/\/sm.odolanow.pl\/bip\/wp-json\/wp\/v2\/pages"}],"about":[{"href":"https:\/\/sm.odolanow.pl\/bip\/wp-json\/wp\/v2\/types\/page"}],"author":[{"embeddable":true,"href":"https:\/\/sm.odolanow.pl\/bip\/wp-json\/wp\/v2\/users\/1"}],"replies":[{"embeddable":true,"href":"https:\/\/sm.odolanow.pl\/bip\/wp-json\/wp\/v2\/comments?post=24"}],"version-history":[{"count":5,"href":"https:\/\/sm.odolanow.pl\/bip\/wp-json\/wp\/v2\/pages\/24\/revisions"}],"predecessor-version":[{"id":268,"href":"https:\/\/sm.odolanow.pl\/bip\/wp-json\/wp\/v2\/pages\/24\/revisions\/268"}],"wp:attachment":[{"href":"https:\/\/sm.odolanow.pl\/bip\/wp-json\/wp\/v2\/media?parent=24"}],"curies":[{"name":"wp","href":"https:\/\/api.w.org\/{rel}","templated":true}]}}