{"id":38,"date":"2018-05-13T14:14:43","date_gmt":"2018-05-13T12:14:43","guid":{"rendered":"http:\/\/sm.odolanow.pl\/bip\/?page_id=38"},"modified":"2018-05-13T14:20:43","modified_gmt":"2018-05-13T12:20:43","slug":"mapa-strony","status":"publish","type":"page","link":"https:\/\/sm.odolanow.pl\/bip\/mapa-strony\/","title":{"rendered":"Mapa strony"},"content":{"rendered":"\n<!-- Page-list plugin v.4.5 wordpress.org\/plugins\/page-list\/ -->\n<ul class=\"page-list \">\n<li class=\"page_item page-item-98\"><a href=\"https:\/\/sm.odolanow.pl\/bip\/administracja\/\">Administracja<\/a><\/li>\n<li class=\"page_item page-item-11\"><a href=\"https:\/\/sm.odolanow.pl\/bip\/budzet\/\">Bud\u017cet<\/a><\/li>\n<li class=\"page_item page-item-16\"><a href=\"https:\/\/sm.odolanow.pl\/bip\/cele-i-zadania-placowki\/\">Cele i zadania plac\u00f3wki<\/a><\/li>\n<li class=\"page_item page-item-88\"><a href=\"https:\/\/sm.odolanow.pl\/bip\/cookie-policy\/\">Cookie Policy<\/a><\/li>\n<li class=\"page_item page-item-18\"><a href=\"https:\/\/sm.odolanow.pl\/bip\/instrukacja-obslugi-bip\/\">Instrukacja obs\u0142ugi BIP<\/a><\/li>\n<li class=\"page_item page-item-95\"><a href=\"https:\/\/sm.odolanow.pl\/bip\/kadra-pedagogiczna\/\">Kadra pedagogiczna<\/a><\/li>\n<li class=\"page_item page-item-35\"><a href=\"https:\/\/sm.odolanow.pl\/bip\/kontakt\/\">Kontakt<\/a><\/li>\n<li class=\"page_item page-item-13\"><a href=\"https:\/\/sm.odolanow.pl\/bip\/kontrola-zarzadcza\/\">Kontrola zarz\u0105dcza<\/a><\/li>\n<li class=\"page_item page-item-38\"><a href=\"https:\/\/sm.odolanow.pl\/bip\/mapa-strony\/\">Mapa strony<\/a><\/li>\n<li class=\"page_item page-item-8\"><a href=\"https:\/\/sm.odolanow.pl\/bip\/o-szkole\/\">O szkole<\/a><\/li>\n<li class=\"page_item page-item-24\"><a href=\"https:\/\/sm.odolanow.pl\/bip\/oferty-pracy\/\">Oferty pracy<\/a><\/li>\n<li class=\"page_item page-item-20\"><a href=\"https:\/\/sm.odolanow.pl\/bip\/organy-i-osoby-sprawujace-funkcje\/\">Organy i osoby sprawuj\u0105ce funkcje<\/a><\/li>\n<li class=\"page_item page-item-22\"><a href=\"https:\/\/sm.odolanow.pl\/bip\/przetargi\/\">Przetargi<\/a><\/li>\n<li class=\"page_item page-item-139\"><a href=\"https:\/\/sm.odolanow.pl\/bip\/sprawozdania\/\">Sprawozdania<\/a><\/li>\n<li class=\"page_item page-item-148\"><a href=\"https:\/\/sm.odolanow.pl\/bip\/sprawozdania-2\/\">Sprawozdania<\/a><\/li>\n<li class=\"page_item page-item-91\"><a href=\"https:\/\/sm.odolanow.pl\/bip\/status-prawny\/\">Status prawny<\/a><\/li>\n<li class=\"page_item page-item-27\"><a href=\"https:\/\/sm.odolanow.pl\/bip\/statut-szkoly\/\">Statut szko\u0142y<\/a><\/li>\n<li class=\"page_item page-item-5\"><a href=\"https:\/\/sm.odolanow.pl\/bip\/\">Strona g\u0142\u00f3wna<\/a><\/li>\n<li class=\"page_item page-item-33\"><a href=\"https:\/\/sm.odolanow.pl\/bip\/strony-usuniete\/\">Strony usuni\u0119te<\/a><\/li>\n<li class=\"page_item page-item-130 page_item_has_children\"><a href=\"https:\/\/sm.odolanow.pl\/bip\/warunki-przeprowadzania-badania-do-sm\/\">Warunki i termin przeprowadzania badania przydatno\u015bci do PSM I st. w Odolanowie.<\/a>\n<ul class='children'>\n\t<li class=\"page_item page-item-183\"><a href=\"https:\/\/sm.odolanow.pl\/bip\/warunki-przeprowadzania-badania-do-sm\/nabor-uzupelniajacy\/\">Nab\u00f3r uzupe\u0142niaj\u0105cy<\/a><\/li>\n<\/ul>\n<\/li>\n<li class=\"page_item page-item-29\"><a href=\"https:\/\/sm.odolanow.pl\/bip\/zasady-publikowania-informacji\/\">Zasady publikowania informacji<\/a><\/li>\n<li class=\"page_item page-item-31\"><a href=\"https:\/\/sm.odolanow.pl\/bip\/zasady-udostepniania-informacji-publicznej\/\">Zasady udost\u0119pniania informacji publicznej<\/a><\/li>\n\n<\/ul>\n","protected":false},"excerpt":{"rendered":"","protected":false},"author":1,"featured_media":0,"parent":0,"menu_order":0,"comment_status":"closed","ping_status":"closed","template":"","meta":{"footnotes":""},"class_list":["post-38","page","type-page","status-publish","hentry"],"yoast_head":"<!-- This site is optimized with the Yoast SEO plugin v27.4 - https:\/\/yoast.com\/product\/yoast-seo-wordpress\/ -->\n<title>Mapa strony - BIP Pa\u0144stwowej Szko\u0142y Muzycznej w Odolanowie<\/title>\n<meta name=\"robots\" content=\"index, follow, max-snippet:-1, max-image-preview:large, max-video-preview:-1\" \/>\n<link rel=\"canonical\" href=\"http:\/\/sm.odolanow.pl\/bip\/mapa-strony\/\" \/>\n<meta property=\"og:locale\" content=\"pl_PL\" \/>\n<meta property=\"og:type\" content=\"article\" \/>\n<meta property=\"og:title\" content=\"Mapa strony - BIP Pa\u0144stwowej Szko\u0142y Muzycznej w Odolanowie\" \/>\n<meta property=\"og:url\" content=\"http:\/\/sm.odolanow.pl\/bip\/mapa-strony\/\" \/>\n<meta property=\"og:site_name\" content=\"BIP Pa\u0144stwowej Szko\u0142y Muzycznej w Odolanowie\" \/>\n<meta property=\"article:modified_time\" content=\"2018-05-13T12:20:43+00:00\" \/>\n<meta name=\"twitter:card\" content=\"summary_large_image\" \/>\n<script type=\"application\/ld+json\" class=\"yoast-schema-graph\">{\"@context\":\"https:\\\/\\\/schema.org\",\"@graph\":[{\"@type\":\"WebPage\",\"@id\":\"http:\\\/\\\/sm.odolanow.pl\\\/bip\\\/mapa-strony\\\/\",\"url\":\"http:\\\/\\\/sm.odolanow.pl\\\/bip\\\/mapa-strony\\\/\",\"name\":\"Mapa strony - BIP Pa\u0144stwowej Szko\u0142y Muzycznej w Odolanowie\",\"isPartOf\":{\"@id\":\"https:\\\/\\\/sm.odolanow.pl\\\/bip\\\/#website\"},\"datePublished\":\"2018-05-13T12:14:43+00:00\",\"dateModified\":\"2018-05-13T12:20:43+00:00\",\"breadcrumb\":{\"@id\":\"http:\\\/\\\/sm.odolanow.pl\\\/bip\\\/mapa-strony\\\/#breadcrumb\"},\"inLanguage\":\"pl-PL\",\"potentialAction\":[{\"@type\":\"ReadAction\",\"target\":[\"http:\\\/\\\/sm.odolanow.pl\\\/bip\\\/mapa-strony\\\/\"]}]},{\"@type\":\"BreadcrumbList\",\"@id\":\"http:\\\/\\\/sm.odolanow.pl\\\/bip\\\/mapa-strony\\\/#breadcrumb\",\"itemListElement\":[{\"@type\":\"ListItem\",\"position\":1,\"name\":\"Strona g\u0142\u00f3wna\",\"item\":\"https:\\\/\\\/sm.odolanow.pl\\\/bip\\\/\"},{\"@type\":\"ListItem\",\"position\":2,\"name\":\"Mapa strony\"}]},{\"@type\":\"WebSite\",\"@id\":\"https:\\\/\\\/sm.odolanow.pl\\\/bip\\\/#website\",\"url\":\"https:\\\/\\\/sm.odolanow.pl\\\/bip\\\/\",\"name\":\"BIP Pa\u0144stwowej Szko\u0142y Muzycznej w Odolanowie\",\"description\":\"\",\"potentialAction\":[{\"@type\":\"SearchAction\",\"target\":{\"@type\":\"EntryPoint\",\"urlTemplate\":\"https:\\\/\\\/sm.odolanow.pl\\\/bip\\\/?s={search_term_string}\"},\"query-input\":{\"@type\":\"PropertyValueSpecification\",\"valueRequired\":true,\"valueName\":\"search_term_string\"}}],\"inLanguage\":\"pl-PL\"}]}<\/script>\n<!-- \/ Yoast SEO plugin. -->","yoast_head_json":{"title":"Mapa strony - BIP Pa\u0144stwowej Szko\u0142y Muzycznej w Odolanowie","robots":{"index":"index","follow":"follow","max-snippet":"max-snippet:-1","max-image-preview":"max-image-preview:large","max-video-preview":"max-video-preview:-1"},"canonical":"http:\/\/sm.odolanow.pl\/bip\/mapa-strony\/","og_locale":"pl_PL","og_type":"article","og_title":"Mapa strony - BIP Pa\u0144stwowej Szko\u0142y Muzycznej w Odolanowie","og_url":"http:\/\/sm.odolanow.pl\/bip\/mapa-strony\/","og_site_name":"BIP Pa\u0144stwowej Szko\u0142y Muzycznej w Odolanowie","article_modified_time":"2018-05-13T12:20:43+00:00","twitter_card":"summary_large_image","schema":{"@context":"https:\/\/schema.org","@graph":[{"@type":"WebPage","@id":"http:\/\/sm.odolanow.pl\/bip\/mapa-strony\/","url":"http:\/\/sm.odolanow.pl\/bip\/mapa-strony\/","name":"Mapa strony - BIP Pa\u0144stwowej Szko\u0142y Muzycznej w Odolanowie","isPartOf":{"@id":"https:\/\/sm.odolanow.pl\/bip\/#website"},"datePublished":"2018-05-13T12:14:43+00:00","dateModified":"2018-05-13T12:20:43+00:00","breadcrumb":{"@id":"http:\/\/sm.odolanow.pl\/bip\/mapa-strony\/#breadcrumb"},"inLanguage":"pl-PL","potentialAction":[{"@type":"ReadAction","target":["http:\/\/sm.odolanow.pl\/bip\/mapa-strony\/"]}]},{"@type":"BreadcrumbList","@id":"http:\/\/sm.odolanow.pl\/bip\/mapa-strony\/#breadcrumb","itemListElement":[{"@type":"ListItem","position":1,"name":"Strona g\u0142\u00f3wna","item":"https:\/\/sm.odolanow.pl\/bip\/"},{"@type":"ListItem","position":2,"name":"Mapa strony"}]},{"@type":"WebSite","@id":"https:\/\/sm.odolanow.pl\/bip\/#website","url":"https:\/\/sm.odolanow.pl\/bip\/","name":"BIP Pa\u0144stwowej Szko\u0142y Muzycznej w Odolanowie","description":"","potentialAction":[{"@type":"SearchAction","target":{"@type":"EntryPoint","urlTemplate":"https:\/\/sm.odolanow.pl\/bip\/?s={search_term_string}"},"query-input":{"@type":"PropertyValueSpecification","valueRequired":true,"valueName":"search_term_string"}}],"inLanguage":"pl-PL"}]}},"_links":{"self":[{"href":"https:\/\/sm.odolanow.pl\/bip\/wp-json\/wp\/v2\/pages\/38","targetHints":{"allow":["GET"]}}],"collection":[{"href":"https:\/\/sm.odolanow.pl\/bip\/wp-json\/wp\/v2\/pages"}],"about":[{"href":"https:\/\/sm.odolanow.pl\/bip\/wp-json\/wp\/v2\/types\/page"}],"author":[{"embeddable":true,"href":"https:\/\/sm.odolanow.pl\/bip\/wp-json\/wp\/v2\/users\/1"}],"replies":[{"embeddable":true,"href":"https:\/\/sm.odolanow.pl\/bip\/wp-json\/wp\/v2\/comments?post=38"}],"version-history":[{"count":2,"href":"https:\/\/sm.odolanow.pl\/bip\/wp-json\/wp\/v2\/pages\/38\/revisions"}],"predecessor-version":[{"id":40,"href":"https:\/\/sm.odolanow.pl\/bip\/wp-json\/wp\/v2\/pages\/38\/revisions\/40"}],"wp:attachment":[{"href":"https:\/\/sm.odolanow.pl\/bip\/wp-json\/wp\/v2\/media?parent=38"}],"curies":[{"name":"wp","href":"https:\/\/api.w.org\/{rel}","templated":true}]}}