{"id":8,"date":"2018-05-13T14:11:28","date_gmt":"2018-05-13T12:11:28","guid":{"rendered":"http:\/\/sm.odolanow.pl\/bip\/?page_id=8"},"modified":"2020-07-07T12:15:43","modified_gmt":"2020-07-07T10:15:43","slug":"o-szkole","status":"publish","type":"page","link":"https:\/\/sm.odolanow.pl\/bip\/o-szkole\/","title":{"rendered":"O szkole"},"content":{"rendered":"<p>Pa\u0144stwowa Szko\u0142a Muzyczna I st. w Odolanowie kszta\u0142ci uczni\u00f3w w klasie instrument\u00f3w: saksofon, tr\u0105bka fortepian, gitara, skrzypce, perkusja. Nauczanie odbywa si\u0119 w dw\u00f3ch cyklach w zale\u017cno\u015bci od wieku\u00a0 kandydata &#8211; 6-1O lat cykl sze\u015bcioletnie \/nauka trwa sze\u015b\u0107 lat\/, w wieku od 10-16 lat cykl czteroletni \/nauka trwa cztery lata\/. Obok zaj\u0119\u0107 z gry na instrumencie uczniowie kszta\u0142c\u0105 si\u0119 podczas zaj\u0119\u0107 zbiorowych min. kszta\u0142cenia s\u0142uchu, audycji muzycznych, rytmiki, orkiestry lub ch\u00f3ru. Zaj\u0119cia s\u0105 bezp\u0142atne. Dla uczni\u00f3w nie posiadaj\u0105cych instrumentu szko\u0142a stwarza mo\u017cliwo\u015b\u0107 wynajmu instrumentu. W trakcie roku szkolnego uczniowie bior\u0105 udzia\u0142 w koncertach, recitalach popisach instrumentalnych.<\/p>\n","protected":false},"excerpt":{"rendered":"<p>Pa\u0144stwowa Szko\u0142a Muzyczna I st. w Odolanowie kszta\u0142ci uczni\u00f3w w klasie instrument\u00f3w: saksofon, tr\u0105bka fortepian, gitara, skrzypce, perkusja. Nauczanie odbywa si\u0119 w dw\u00f3ch cyklach w zale\u017cno\u015bci od wieku\u00a0 kandydata &#8211; 6-1O lat cykl sze\u015bcioletnie \/nauka trwa sze\u015b\u0107 lat\/, w wieku od 10-16 lat cykl czteroletni \/nauka trwa cztery lata\/. Obok zaj\u0119\u0107 z gry na instrumencie [&hellip;]<\/p>\n","protected":false},"author":1,"featured_media":0,"parent":0,"menu_order":0,"comment_status":"closed","ping_status":"closed","template":"","meta":{"footnotes":""},"class_list":["post-8","page","type-page","status-publish","hentry"],"yoast_head":"<!-- This site is optimized with the Yoast SEO plugin v27.4 - https:\/\/yoast.com\/product\/yoast-seo-wordpress\/ -->\n<title>O szkole - BIP Pa\u0144stwowej Szko\u0142y Muzycznej w Odolanowie<\/title>\n<meta name=\"robots\" content=\"index, follow, max-snippet:-1, max-image-preview:large, max-video-preview:-1\" \/>\n<link rel=\"canonical\" href=\"https:\/\/sm.odolanow.pl\/bip\/o-szkole\/\" \/>\n<meta property=\"og:locale\" content=\"pl_PL\" \/>\n<meta property=\"og:type\" content=\"article\" \/>\n<meta property=\"og:title\" content=\"O szkole - BIP Pa\u0144stwowej Szko\u0142y Muzycznej w Odolanowie\" \/>\n<meta property=\"og:description\" content=\"Pa\u0144stwowa Szko\u0142a Muzyczna I st. w Odolanowie kszta\u0142ci uczni\u00f3w w klasie instrument\u00f3w: saksofon, tr\u0105bka fortepian, gitara, skrzypce, perkusja. Nauczanie odbywa si\u0119 w dw\u00f3ch cyklach w zale\u017cno\u015bci od wieku\u00a0 kandydata &#8211; 6-1O lat cykl sze\u015bcioletnie \/nauka trwa sze\u015b\u0107 lat\/, w wieku od 10-16 lat cykl czteroletni \/nauka trwa cztery lata\/. Obok zaj\u0119\u0107 z gry na instrumencie [&hellip;]\" \/>\n<meta property=\"og:url\" content=\"https:\/\/sm.odolanow.pl\/bip\/o-szkole\/\" \/>\n<meta property=\"og:site_name\" content=\"BIP Pa\u0144stwowej Szko\u0142y Muzycznej w Odolanowie\" \/>\n<meta property=\"article:modified_time\" content=\"2020-07-07T10:15:43+00:00\" \/>\n<meta name=\"twitter:card\" content=\"summary_large_image\" \/>\n<meta name=\"twitter:label1\" content=\"Szacowany czas czytania\" \/>\n\t<meta name=\"twitter:data1\" content=\"1 minuta\" \/>\n<script type=\"application\/ld+json\" class=\"yoast-schema-graph\">{\"@context\":\"https:\\\/\\\/schema.org\",\"@graph\":[{\"@type\":\"WebPage\",\"@id\":\"https:\\\/\\\/sm.odolanow.pl\\\/bip\\\/o-szkole\\\/\",\"url\":\"https:\\\/\\\/sm.odolanow.pl\\\/bip\\\/o-szkole\\\/\",\"name\":\"O szkole - BIP Pa\u0144stwowej Szko\u0142y Muzycznej w Odolanowie\",\"isPartOf\":{\"@id\":\"https:\\\/\\\/sm.odolanow.pl\\\/bip\\\/#website\"},\"datePublished\":\"2018-05-13T12:11:28+00:00\",\"dateModified\":\"2020-07-07T10:15:43+00:00\",\"breadcrumb\":{\"@id\":\"https:\\\/\\\/sm.odolanow.pl\\\/bip\\\/o-szkole\\\/#breadcrumb\"},\"inLanguage\":\"pl-PL\",\"potentialAction\":[{\"@type\":\"ReadAction\",\"target\":[\"https:\\\/\\\/sm.odolanow.pl\\\/bip\\\/o-szkole\\\/\"]}]},{\"@type\":\"BreadcrumbList\",\"@id\":\"https:\\\/\\\/sm.odolanow.pl\\\/bip\\\/o-szkole\\\/#breadcrumb\",\"itemListElement\":[{\"@type\":\"ListItem\",\"position\":1,\"name\":\"Strona g\u0142\u00f3wna\",\"item\":\"https:\\\/\\\/sm.odolanow.pl\\\/bip\\\/\"},{\"@type\":\"ListItem\",\"position\":2,\"name\":\"O szkole\"}]},{\"@type\":\"WebSite\",\"@id\":\"https:\\\/\\\/sm.odolanow.pl\\\/bip\\\/#website\",\"url\":\"https:\\\/\\\/sm.odolanow.pl\\\/bip\\\/\",\"name\":\"BIP Pa\u0144stwowej Szko\u0142y Muzycznej w Odolanowie\",\"description\":\"\",\"potentialAction\":[{\"@type\":\"SearchAction\",\"target\":{\"@type\":\"EntryPoint\",\"urlTemplate\":\"https:\\\/\\\/sm.odolanow.pl\\\/bip\\\/?s={search_term_string}\"},\"query-input\":{\"@type\":\"PropertyValueSpecification\",\"valueRequired\":true,\"valueName\":\"search_term_string\"}}],\"inLanguage\":\"pl-PL\"}]}<\/script>\n<!-- \/ Yoast SEO plugin. -->","yoast_head_json":{"title":"O szkole - BIP Pa\u0144stwowej Szko\u0142y Muzycznej w Odolanowie","robots":{"index":"index","follow":"follow","max-snippet":"max-snippet:-1","max-image-preview":"max-image-preview:large","max-video-preview":"max-video-preview:-1"},"canonical":"https:\/\/sm.odolanow.pl\/bip\/o-szkole\/","og_locale":"pl_PL","og_type":"article","og_title":"O szkole - BIP Pa\u0144stwowej Szko\u0142y Muzycznej w Odolanowie","og_description":"Pa\u0144stwowa Szko\u0142a Muzyczna I st. w Odolanowie kszta\u0142ci uczni\u00f3w w klasie instrument\u00f3w: saksofon, tr\u0105bka fortepian, gitara, skrzypce, perkusja. Nauczanie odbywa si\u0119 w dw\u00f3ch cyklach w zale\u017cno\u015bci od wieku\u00a0 kandydata &#8211; 6-1O lat cykl sze\u015bcioletnie \/nauka trwa sze\u015b\u0107 lat\/, w wieku od 10-16 lat cykl czteroletni \/nauka trwa cztery lata\/. Obok zaj\u0119\u0107 z gry na instrumencie [&hellip;]","og_url":"https:\/\/sm.odolanow.pl\/bip\/o-szkole\/","og_site_name":"BIP Pa\u0144stwowej Szko\u0142y Muzycznej w Odolanowie","article_modified_time":"2020-07-07T10:15:43+00:00","twitter_card":"summary_large_image","twitter_misc":{"Szacowany czas czytania":"1 minuta"},"schema":{"@context":"https:\/\/schema.org","@graph":[{"@type":"WebPage","@id":"https:\/\/sm.odolanow.pl\/bip\/o-szkole\/","url":"https:\/\/sm.odolanow.pl\/bip\/o-szkole\/","name":"O szkole - BIP Pa\u0144stwowej Szko\u0142y Muzycznej w Odolanowie","isPartOf":{"@id":"https:\/\/sm.odolanow.pl\/bip\/#website"},"datePublished":"2018-05-13T12:11:28+00:00","dateModified":"2020-07-07T10:15:43+00:00","breadcrumb":{"@id":"https:\/\/sm.odolanow.pl\/bip\/o-szkole\/#breadcrumb"},"inLanguage":"pl-PL","potentialAction":[{"@type":"ReadAction","target":["https:\/\/sm.odolanow.pl\/bip\/o-szkole\/"]}]},{"@type":"BreadcrumbList","@id":"https:\/\/sm.odolanow.pl\/bip\/o-szkole\/#breadcrumb","itemListElement":[{"@type":"ListItem","position":1,"name":"Strona g\u0142\u00f3wna","item":"https:\/\/sm.odolanow.pl\/bip\/"},{"@type":"ListItem","position":2,"name":"O szkole"}]},{"@type":"WebSite","@id":"https:\/\/sm.odolanow.pl\/bip\/#website","url":"https:\/\/sm.odolanow.pl\/bip\/","name":"BIP Pa\u0144stwowej Szko\u0142y Muzycznej w Odolanowie","description":"","potentialAction":[{"@type":"SearchAction","target":{"@type":"EntryPoint","urlTemplate":"https:\/\/sm.odolanow.pl\/bip\/?s={search_term_string}"},"query-input":{"@type":"PropertyValueSpecification","valueRequired":true,"valueName":"search_term_string"}}],"inLanguage":"pl-PL"}]}},"_links":{"self":[{"href":"https:\/\/sm.odolanow.pl\/bip\/wp-json\/wp\/v2\/pages\/8","targetHints":{"allow":["GET"]}}],"collection":[{"href":"https:\/\/sm.odolanow.pl\/bip\/wp-json\/wp\/v2\/pages"}],"about":[{"href":"https:\/\/sm.odolanow.pl\/bip\/wp-json\/wp\/v2\/types\/page"}],"author":[{"embeddable":true,"href":"https:\/\/sm.odolanow.pl\/bip\/wp-json\/wp\/v2\/users\/1"}],"replies":[{"embeddable":true,"href":"https:\/\/sm.odolanow.pl\/bip\/wp-json\/wp\/v2\/comments?post=8"}],"version-history":[{"count":3,"href":"https:\/\/sm.odolanow.pl\/bip\/wp-json\/wp\/v2\/pages\/8\/revisions"}],"predecessor-version":[{"id":191,"href":"https:\/\/sm.odolanow.pl\/bip\/wp-json\/wp\/v2\/pages\/8\/revisions\/191"}],"wp:attachment":[{"href":"https:\/\/sm.odolanow.pl\/bip\/wp-json\/wp\/v2\/media?parent=8"}],"curies":[{"name":"wp","href":"https:\/\/api.w.org\/{rel}","templated":true}]}}