{"id":95,"date":"2018-11-14T16:07:50","date_gmt":"2018-11-14T15:07:50","guid":{"rendered":"http:\/\/sm.odolanow.pl\/bip\/?page_id=95"},"modified":"2024-04-25T15:11:39","modified_gmt":"2024-04-25T13:11:39","slug":"kadra-pedagogiczna","status":"publish","type":"page","link":"https:\/\/sm.odolanow.pl\/bip\/kadra-pedagogiczna\/","title":{"rendered":"Kadra pedagogiczna"},"content":{"rendered":"<ol>\n<li>mgr Janusz Lizurej &#8211; dyrektor<\/li>\n<li>mgr \u0141ukasz Kryjom \u2013 fortepian<\/li>\n<li>mgr Martyna G\u0105siewska Galler \u2013 fortepian, akompaniament<\/li>\n<li>mgr Arkadiusz Hylewski \u2013 skrzypce<\/li>\n<li>mgr Daniel Julle \u2013 gitara<\/li>\n<li>mgr Ma\u0142gorzata Kaczmarek \u2013 skrzypce<\/li>\n<li>mgr Anna Karolak &#8211; podstawy rytmiki, kszta\u0142cenie s\u0142uchu<\/li>\n<li>mgr Wiktoria Kliber \u2013 perkusja<\/li>\n<li>mgr Izabela Michalska \u2013 podstawy rytmiki<\/li>\n<li>mgr Karol Mr\u00f3z &#8211; organy, fortepian dodatkowy<\/li>\n<li>mgr Weronika Nawrot &#8211; fortepian, fortepian dodatkowy<\/li>\n<li>mgr Anna Przewo\u017any &#8211; fortepian, fortepian dodatkowy, akompniament<\/li>\n<li>mgr Maciej So\u0142tysiak \u2013 saksofon<\/li>\n<li>mgr Marcin Wieczorek \u2013 tr\u0105bka, orkiestra<\/li>\n<li>mgr Agnieszka Wielebska &#8211; kszta\u0142cenie s\u0142uchu, audycje muzyczne, ch\u00f3r<\/li>\n<\/ol>\n","protected":false},"excerpt":{"rendered":"<p>mgr Janusz Lizurej &#8211; dyrektor mgr \u0141ukasz Kryjom \u2013 fortepian mgr Martyna G\u0105siewska Galler \u2013 fortepian, akompaniament mgr Arkadiusz Hylewski \u2013 skrzypce mgr Daniel Julle \u2013 gitara mgr Ma\u0142gorzata Kaczmarek \u2013 skrzypce mgr Anna Karolak &#8211; podstawy rytmiki, kszta\u0142cenie s\u0142uchu mgr Wiktoria Kliber \u2013 perkusja mgr Izabela Michalska \u2013 podstawy rytmiki mgr Karol Mr\u00f3z &#8211; [&hellip;]<\/p>\n","protected":false},"author":1,"featured_media":0,"parent":0,"menu_order":0,"comment_status":"closed","ping_status":"closed","template":"","meta":{"footnotes":""},"class_list":["post-95","page","type-page","status-publish","hentry"],"yoast_head":"<!-- This site is optimized with the Yoast SEO plugin v27.4 - https:\/\/yoast.com\/product\/yoast-seo-wordpress\/ -->\n<title>Kadra pedagogiczna - BIP Pa\u0144stwowej Szko\u0142y Muzycznej w Odolanowie<\/title>\n<meta name=\"robots\" content=\"index, follow, max-snippet:-1, max-image-preview:large, max-video-preview:-1\" \/>\n<link rel=\"canonical\" href=\"http:\/\/sm.odolanow.pl\/bip\/kadra-pedagogiczna\/\" \/>\n<meta property=\"og:locale\" content=\"pl_PL\" \/>\n<meta property=\"og:type\" content=\"article\" \/>\n<meta property=\"og:title\" content=\"Kadra pedagogiczna - BIP Pa\u0144stwowej Szko\u0142y Muzycznej w Odolanowie\" \/>\n<meta property=\"og:description\" content=\"mgr Janusz Lizurej &#8211; dyrektor mgr \u0141ukasz Kryjom \u2013 fortepian mgr Martyna G\u0105siewska Galler \u2013 fortepian, akompaniament mgr Arkadiusz Hylewski \u2013 skrzypce mgr Daniel Julle \u2013 gitara mgr Ma\u0142gorzata Kaczmarek \u2013 skrzypce mgr Anna Karolak &#8211; podstawy rytmiki, kszta\u0142cenie s\u0142uchu mgr Wiktoria Kliber \u2013 perkusja mgr Izabela Michalska \u2013 podstawy rytmiki mgr Karol Mr\u00f3z &#8211; [&hellip;]\" \/>\n<meta property=\"og:url\" content=\"http:\/\/sm.odolanow.pl\/bip\/kadra-pedagogiczna\/\" \/>\n<meta property=\"og:site_name\" content=\"BIP Pa\u0144stwowej Szko\u0142y Muzycznej w Odolanowie\" \/>\n<meta property=\"article:modified_time\" content=\"2024-04-25T13:11:39+00:00\" \/>\n<meta name=\"twitter:card\" content=\"summary_large_image\" \/>\n<meta name=\"twitter:label1\" content=\"Szacowany czas czytania\" \/>\n\t<meta name=\"twitter:data1\" content=\"1 minuta\" \/>\n<script type=\"application\/ld+json\" class=\"yoast-schema-graph\">{\"@context\":\"https:\\\/\\\/schema.org\",\"@graph\":[{\"@type\":\"WebPage\",\"@id\":\"http:\\\/\\\/sm.odolanow.pl\\\/bip\\\/kadra-pedagogiczna\\\/\",\"url\":\"http:\\\/\\\/sm.odolanow.pl\\\/bip\\\/kadra-pedagogiczna\\\/\",\"name\":\"Kadra pedagogiczna - BIP Pa\u0144stwowej Szko\u0142y Muzycznej w Odolanowie\",\"isPartOf\":{\"@id\":\"https:\\\/\\\/sm.odolanow.pl\\\/bip\\\/#website\"},\"datePublished\":\"2018-11-14T15:07:50+00:00\",\"dateModified\":\"2024-04-25T13:11:39+00:00\",\"breadcrumb\":{\"@id\":\"http:\\\/\\\/sm.odolanow.pl\\\/bip\\\/kadra-pedagogiczna\\\/#breadcrumb\"},\"inLanguage\":\"pl-PL\",\"potentialAction\":[{\"@type\":\"ReadAction\",\"target\":[\"http:\\\/\\\/sm.odolanow.pl\\\/bip\\\/kadra-pedagogiczna\\\/\"]}]},{\"@type\":\"BreadcrumbList\",\"@id\":\"http:\\\/\\\/sm.odolanow.pl\\\/bip\\\/kadra-pedagogiczna\\\/#breadcrumb\",\"itemListElement\":[{\"@type\":\"ListItem\",\"position\":1,\"name\":\"Strona g\u0142\u00f3wna\",\"item\":\"https:\\\/\\\/sm.odolanow.pl\\\/bip\\\/\"},{\"@type\":\"ListItem\",\"position\":2,\"name\":\"Kadra pedagogiczna\"}]},{\"@type\":\"WebSite\",\"@id\":\"https:\\\/\\\/sm.odolanow.pl\\\/bip\\\/#website\",\"url\":\"https:\\\/\\\/sm.odolanow.pl\\\/bip\\\/\",\"name\":\"BIP Pa\u0144stwowej Szko\u0142y Muzycznej w Odolanowie\",\"description\":\"\",\"potentialAction\":[{\"@type\":\"SearchAction\",\"target\":{\"@type\":\"EntryPoint\",\"urlTemplate\":\"https:\\\/\\\/sm.odolanow.pl\\\/bip\\\/?s={search_term_string}\"},\"query-input\":{\"@type\":\"PropertyValueSpecification\",\"valueRequired\":true,\"valueName\":\"search_term_string\"}}],\"inLanguage\":\"pl-PL\"}]}<\/script>\n<!-- \/ Yoast SEO plugin. -->","yoast_head_json":{"title":"Kadra pedagogiczna - BIP Pa\u0144stwowej Szko\u0142y Muzycznej w Odolanowie","robots":{"index":"index","follow":"follow","max-snippet":"max-snippet:-1","max-image-preview":"max-image-preview:large","max-video-preview":"max-video-preview:-1"},"canonical":"http:\/\/sm.odolanow.pl\/bip\/kadra-pedagogiczna\/","og_locale":"pl_PL","og_type":"article","og_title":"Kadra pedagogiczna - BIP Pa\u0144stwowej Szko\u0142y Muzycznej w Odolanowie","og_description":"mgr Janusz Lizurej &#8211; dyrektor mgr \u0141ukasz Kryjom \u2013 fortepian mgr Martyna G\u0105siewska Galler \u2013 fortepian, akompaniament mgr Arkadiusz Hylewski \u2013 skrzypce mgr Daniel Julle \u2013 gitara mgr Ma\u0142gorzata Kaczmarek \u2013 skrzypce mgr Anna Karolak &#8211; podstawy rytmiki, kszta\u0142cenie s\u0142uchu mgr Wiktoria Kliber \u2013 perkusja mgr Izabela Michalska \u2013 podstawy rytmiki mgr Karol Mr\u00f3z &#8211; [&hellip;]","og_url":"http:\/\/sm.odolanow.pl\/bip\/kadra-pedagogiczna\/","og_site_name":"BIP Pa\u0144stwowej Szko\u0142y Muzycznej w Odolanowie","article_modified_time":"2024-04-25T13:11:39+00:00","twitter_card":"summary_large_image","twitter_misc":{"Szacowany czas czytania":"1 minuta"},"schema":{"@context":"https:\/\/schema.org","@graph":[{"@type":"WebPage","@id":"http:\/\/sm.odolanow.pl\/bip\/kadra-pedagogiczna\/","url":"http:\/\/sm.odolanow.pl\/bip\/kadra-pedagogiczna\/","name":"Kadra pedagogiczna - BIP Pa\u0144stwowej Szko\u0142y Muzycznej w Odolanowie","isPartOf":{"@id":"https:\/\/sm.odolanow.pl\/bip\/#website"},"datePublished":"2018-11-14T15:07:50+00:00","dateModified":"2024-04-25T13:11:39+00:00","breadcrumb":{"@id":"http:\/\/sm.odolanow.pl\/bip\/kadra-pedagogiczna\/#breadcrumb"},"inLanguage":"pl-PL","potentialAction":[{"@type":"ReadAction","target":["http:\/\/sm.odolanow.pl\/bip\/kadra-pedagogiczna\/"]}]},{"@type":"BreadcrumbList","@id":"http:\/\/sm.odolanow.pl\/bip\/kadra-pedagogiczna\/#breadcrumb","itemListElement":[{"@type":"ListItem","position":1,"name":"Strona g\u0142\u00f3wna","item":"https:\/\/sm.odolanow.pl\/bip\/"},{"@type":"ListItem","position":2,"name":"Kadra pedagogiczna"}]},{"@type":"WebSite","@id":"https:\/\/sm.odolanow.pl\/bip\/#website","url":"https:\/\/sm.odolanow.pl\/bip\/","name":"BIP Pa\u0144stwowej Szko\u0142y Muzycznej w Odolanowie","description":"","potentialAction":[{"@type":"SearchAction","target":{"@type":"EntryPoint","urlTemplate":"https:\/\/sm.odolanow.pl\/bip\/?s={search_term_string}"},"query-input":{"@type":"PropertyValueSpecification","valueRequired":true,"valueName":"search_term_string"}}],"inLanguage":"pl-PL"}]}},"_links":{"self":[{"href":"https:\/\/sm.odolanow.pl\/bip\/wp-json\/wp\/v2\/pages\/95","targetHints":{"allow":["GET"]}}],"collection":[{"href":"https:\/\/sm.odolanow.pl\/bip\/wp-json\/wp\/v2\/pages"}],"about":[{"href":"https:\/\/sm.odolanow.pl\/bip\/wp-json\/wp\/v2\/types\/page"}],"author":[{"embeddable":true,"href":"https:\/\/sm.odolanow.pl\/bip\/wp-json\/wp\/v2\/users\/1"}],"replies":[{"embeddable":true,"href":"https:\/\/sm.odolanow.pl\/bip\/wp-json\/wp\/v2\/comments?post=95"}],"version-history":[{"count":4,"href":"https:\/\/sm.odolanow.pl\/bip\/wp-json\/wp\/v2\/pages\/95\/revisions"}],"predecessor-version":[{"id":248,"href":"https:\/\/sm.odolanow.pl\/bip\/wp-json\/wp\/v2\/pages\/95\/revisions\/248"}],"wp:attachment":[{"href":"https:\/\/sm.odolanow.pl\/bip\/wp-json\/wp\/v2\/media?parent=95"}],"curies":[{"name":"wp","href":"https:\/\/api.w.org\/{rel}","templated":true}]}}